{"id":897,"date":"2011-09-12T19:46:46","date_gmt":"2011-09-12T19:46:46","guid":{"rendered":"http:\/\/morskasm.pl\/?page_id=897"},"modified":"2021-06-26T09:00:29","modified_gmt":"2021-06-26T08:00:29","slug":"strony-panstwowe","status":"publish","type":"page","link":"https:\/\/morskasm.pl\/?page_id=897","title":{"rendered":"Urz\u0119dy i instytucje"},"content":{"rendered":"<p><\/p>\n<ul>\n<li><a href=http:\/\/www.ekrs.pl\/>Krajowy Rejestr S\u0105dowy OnLine<\/a><\/li>\n<\/ul>\n<p><b>Urz\u0119dy samorz\u0105du terytorialnego:<\/b><\/p>\n<ul>\n<li><a href=http:\/\/www.gdynia.pl\/>Urz\u0105d Miasta Gdyni<\/a><\/li>\n<li><a href=http:\/\/www.uw.gda.pl\/>Pomorski Urz\u0105d Wojew\u00f3dzki w Gda\u0144sku<\/a><\/li>\n<li><a href=http:\/\/www.woj-pomorskie.pl\/>Urz\u0105d Marsza\u0142kowski Wojew\u00f3dztwa Pomorskiego<\/a><\/li>\n<li><a href=http:\/\/www.samorzad.pap.pl\/palio\/html.run?_Instance=cms_samorzad.pap.pl>Serwis Samorz\u0105dowy PAP<\/a><\/li>\n<\/ul>\n<p><b>Tematyka sp\u00f3\u0142dzielczo\u015bci:<\/b><\/p>\n<ul>\n<li><a href=http:\/\/krs.org.pl\/home.php?d_id=2&#038;m_id=53>Krajowa Rada Sp\u00f3\u0142dzielcza<\/a><\/li>\n<li><a href=http:\/\/www.zrsmrp.com.pl\/i1.html>Zwiazek Rewizyjny Sp\u00f3\u0142dzielni Mieszkaniowych RP<\/a><\/li>\n<li><a href=http:\/\/www.administrator.coib.pl\/adminis.html>Administrator &#8211; miesi\u0119cznik dla zarz\u0105dc\u00f3w nieruchomo\u015bci<\/a><\/li>\n<\/ul>\n<p><b>Instytucje pa\u0144stwowe:<\/b><\/p>\n<ul>\n<li><a href=http:\/\/www.sejm.gov.pl\/>SEJM RP<\/a><\/li>\n<li><a href=http:\/\/www.senat.gov.pl\/>SENAT RP<\/a><\/li>\n<li><a href=http:\/\/www.mf.gov.pl\/>Ministerstwo Finans\u00f3w<\/a><\/li>\n<li><a href=http:\/\/www.stat.gov.pl\/>G\u0142\u00f3wny Urz\u0105d Statystyczny w Warszawie<\/a><\/li>\n<li><a href=http:\/\/www.msz.gov.pl\/>Ministerstwo Spraw Zagranicznych RP<\/a><\/li>\n<li><a href=http:\/\/www.kprm.gov.pl\/>Kancelaria Prezesa Rady Ministr\u00f3w<\/a><\/li>\n<li><a href=http:\/\/www.zporr.gov.pl\/>Portal Funduszy Strukturalnych<\/a><\/li>\n<li><a href=http:\/\/www.mi.gov.pl\/>Ministerstwo Transportu i Budownictwa<\/a><\/li>\n<li><a href=http:\/\/www.parp.gov.pl\/>Polska Agencja Rozwoju Przedsi\u0119biorczo\u015bci<\/a><\/li>\n<li><a href=http:\/\/www.mos.gov.pl\/>Ministerstwo \u015arodowiska<\/a><\/li>\n<li><a href=http:\/\/www.mps.gov.pl\/>Ministerstwo Pracy i Polityki Socjalnej<\/a><\/li>\n<li><a href=http:\/\/www.mz.gov.pl\/>Ministerstwo Zdrowia<\/a><\/li>\n<li><a href=http:\/\/www.mswia.gov.pl\/>Ministerstwo Spraw Wewn\u0119trznych i Administracji RP<\/a><\/li>\n<li><a href=http:\/\/www.minrol.gov.pl\/>Ministerstwo Rolnictwa i Rozwoju Wsi<\/a><\/li>\n<li><a href=http:\/\/www.ms.gov.pl\/>Ministerstwo Sprawiedliwo\u015bci RP<\/a><\/li>\n<li><a href=http:\/\/www.praca.gov.pl\/>Serwis Urz\u0119d\u00f3w Pracy<\/a href><\/li>\n<li><a href=http:\/\/www.uokik.gov.pl\/>Urz\u0105d Ochrony Konkurencji i Konsument\u00f3w<\/a><\/li>\n<li><a href=http:\/\/www.kgp.gov.pl\/>Komenda G\u0142\u00f3wna Policji<\/a><\/li>\n<li><a href=http:\/\/www.polska.pl\/>POLSKA<\/a><\/li>\n<\/ul>\n","protected":false},"excerpt":{"rendered":"<p>Krajowy Rejestr S\u0105dowy OnLine Urz\u0119dy samorz\u0105du terytorialnego: Urz\u0105d Miasta Gdyni Pomorski Urz\u0105d Wojew\u00f3dzki w Gda\u0144sku Urz\u0105d Marsza\u0142kowski Wojew\u00f3dztwa Pomorskiego Serwis Samorz\u0105dowy PAP Tematyka sp\u00f3\u0142dzielczo\u015bci: Krajowa Rada Sp\u00f3\u0142dzielcza Zwiazek Rewizyjny Sp\u00f3\u0142dzielni Mieszkaniowych RP Administrator &#8211; miesi\u0119cznik dla zarz\u0105dc\u00f3w nieruchomo\u015bci Instytucje pa\u0144stwowe: SEJM RP SENAT RP Ministerstwo Finans\u00f3w G\u0142\u00f3wny Urz\u0105d Statystyczny w [&hellip;]<\/p>\n","protected":false},"author":1,"featured_media":0,"parent":0,"menu_order":0,"comment_status":"closed","ping_status":"open","template":"","meta":{"footnotes":""},"class_list":["post-897","page","type-page","status-publish","hentry"],"_links":{"self":[{"href":"https:\/\/morskasm.pl\/index.php?rest_route=\/wp\/v2\/pages\/897","targetHints":{"allow":["GET"]}}],"collection":[{"href":"https:\/\/morskasm.pl\/index.php?rest_route=\/wp\/v2\/pages"}],"about":[{"href":"https:\/\/morskasm.pl\/index.php?rest_route=\/wp\/v2\/types\/page"}],"author":[{"embeddable":true,"href":"https:\/\/morskasm.pl\/index.php?rest_route=\/wp\/v2\/users\/1"}],"replies":[{"embeddable":true,"href":"https:\/\/morskasm.pl\/index.php?rest_route=%2Fwp%2Fv2%2Fcomments&post=897"}],"version-history":[{"count":16,"href":"https:\/\/morskasm.pl\/index.php?rest_route=\/wp\/v2\/pages\/897\/revisions"}],"predecessor-version":[{"id":4057,"href":"https:\/\/morskasm.pl\/index.php?rest_route=\/wp\/v2\/pages\/897\/revisions\/4057"}],"wp:attachment":[{"href":"https:\/\/morskasm.pl\/index.php?rest_route=%2Fwp%2Fv2%2Fmedia&parent=897"}],"curies":[{"name":"wp","href":"https:\/\/api.w.org\/{rel}","templated":true}]}}