{"id":679,"date":"2011-08-24T14:49:10","date_gmt":"2011-08-24T14:49:10","guid":{"rendered":"http:\/\/morskasm.pl\/?page_id=679"},"modified":"2021-06-26T08:58:18","modified_gmt":"2021-06-26T07:58:18","slug":"osiedle-krasickiego","status":"publish","type":"page","link":"https:\/\/morskasm.pl\/?page_id=679","title":{"rendered":"<a href=\"?page_id=155\">Galeria<\/a> &raquo; Osiedle Krasickiego"},"content":{"rendered":"<p><script src=\"js\/prototype.js\" type=\"text\/javascript\"><\/script><script src=\"js\/scriptaculous.js\" type=\"text\/javascript\"><\/script><script type=\"text\/javascript\" src=\"js\/lightbox.js\"><\/script><link rel=\"stylesheet\" href=\"css\/lightbox.css\" type=\"text\/css\" media=\"screen\" \/><link rel=\"stylesheet\" href=\"css\/thumbnail.css\" type=\"text\/css\" media=\"screen\" \/><noscript><font color=\"red\">Obs\u0142uga JavaScript w Twojej przegl\u0105darce jest <b>wy\u0142\u0105czona<\/b>.<br \/>Aby w pe\u0142ni korzysta\u0107 z galerii zalecane jest jej w\u0142\u0105czenie.<br \/><\/font><\/noscript><\/p>\n<table border=0>\n<tr>\n<td>\nZiele\u0144 przy budynku Krasickiego 14:<\/td>\n<\/tr>\n<tr>\n<td>\n<div class=\"thumbnail\">\n<a href=\"galeria\/krasickiego\/ogrod\/1.jpg\" rel=\"lightbox[krasickiego_ogrod]\" title=\"Ziele\u0144 przy budynku Krasickiego 14.\"><img decoding=\"async\" src=\"galeria\/krasickiego\/ogrod\/1_thumb.jpg\"><\/a>\n<\/div>\n<div class=\"thumbnail\">\n<a href=\"galeria\/krasickiego\/ogrod\/6.jpg\" rel=\"lightbox[krasickiego_ogrod]\" title=\"Ziele\u0144 przy budynku Krasickiego 14.\"><img decoding=\"async\" src=\"galeria\/krasickiego\/ogrod\/6_thumb.jpg\"><\/a>\n<\/div>\n<div class=\"thumbnail\">\n<a href=\"galeria\/krasickiego\/ogrod\/7.jpg\" rel=\"lightbox[krasickiego_ogrod]\" title=\"Ziele\u0144 przy budynku Krasickiego 14.\"><img decoding=\"async\" src=\"galeria\/krasickiego\/ogrod\/7_thumb.jpg\"><\/a>\n<\/div>\n<div class=\"thumbnail\">\n<a href=\"galeria\/krasickiego\/ogrod\/9.jpg\" rel=\"lightbox[krasickiego_ogrod]\" title=\"Ziele\u0144 przy budynku Krasickiego 14.\"><img decoding=\"async\" src=\"galeria\/krasickiego\/ogrod\/9_thumb.jpg\"><\/a>\n<\/div>\n<div class=\"thumbnail\">\n<a href=\"galeria\/krasickiego\/ogrod\/10.jpg\" rel=\"lightbox[krasickiego_ogrod]\" title=\"Ziele\u0144 przy budynku Krasickiego 14.\"><img decoding=\"async\" src=\"galeria\/krasickiego\/ogrod\/10_thumb.jpg\"><\/a>\n<\/div>\n<div class=\"thumbnail\">\n<a href=\"galeria\/krasickiego\/ogrod\/12.jpg\" rel=\"lightbox[krasickiego_ogrod]\" title=\"Ziele\u0144 przy budynku Krasickiego 14.\"><img decoding=\"async\" src=\"galeria\/krasickiego\/ogrod\/12_thumb.jpg\"><\/a>\n<\/div>\n<div class=\"thumbnail\">\n<a href=\"galeria\/krasickiego\/ogrod\/13.jpg\" rel=\"lightbox[krasickiego_ogrod]\" title=\"Ziele\u0144 przy budynku Krasickiego 14.\"><img decoding=\"async\" src=\"galeria\/krasickiego\/ogrod\/13_thumb.jpg\"><\/a>\n<\/div>\n<div class=\"thumbnail\">\n<a href=\"galeria\/krasickiego\/ogrod\/14.jpg\" rel=\"lightbox[krasickiego_ogrod]\" title=\"Ziele\u0144 przy budynku Krasickiego 14.\"><img decoding=\"async\" src=\"galeria\/krasickiego\/ogrod\/14_thumb.jpg\"><\/a>\n<\/div>\n<div class=\"thumbnail\">\n<a href=\"galeria\/krasickiego\/ogrod\/15.jpg\" rel=\"lightbox[krasickiego_ogrod]\" title=\"Ziele\u0144 przy budynku Krasickiego 14.\"><img decoding=\"async\" src=\"galeria\/krasickiego\/ogrod\/15_thumb.jpg\"><\/a>\n<\/div>\n<div class=\"thumbnail\">\n<a href=\"galeria\/krasickiego\/ogrod\/16.jpg\" rel=\"lightbox[krasickiego_ogrod]\" title=\"Ziele\u0144 przy budynku Krasickiego 14.\"><img decoding=\"async\" src=\"galeria\/krasickiego\/ogrod\/16_thumb.jpg\"><\/a>\n<\/div>\n<div class=\"thumbnail\">\n<a href=\"galeria\/krasickiego\/ogrod\/17.jpg\" rel=\"lightbox[krasickiego_ogrod]\" title=\"Ziele\u0144 przy budynku Krasickiego 14.\"><img decoding=\"async\" src=\"galeria\/krasickiego\/ogrod\/17_thumb.jpg\"><\/a>\n<\/div>\n<div class=\"thumbnail\">\n<a href=\"galeria\/krasickiego\/ogrod\/2.jpg\" rel=\"lightbox[krasickiego_ogrod]\" title=\"Ziele\u0144 przy budynku Krasickiego 14.\"><img decoding=\"async\" src=\"galeria\/krasickiego\/ogrod\/2_thumb.jpg\"><\/a>\n<\/div>\n<div class=\"thumbnail\">\n<a href=\"galeria\/krasickiego\/ogrod\/3.jpg\" rel=\"lightbox[krasickiego_ogrod]\" title=\"Ziele\u0144 przy budynku Krasickiego 14.\"><img decoding=\"async\" src=\"galeria\/krasickiego\/ogrod\/3_thumb.jpg\"><\/a>\n<\/div>\n<div class=\"thumbnail\">\n<a href=\"galeria\/krasickiego\/ogrod\/4.jpg\" rel=\"lightbox[krasickiego_ogrod]\" title=\"Ziele\u0144 przy budynku Krasickiego 14.\"><img decoding=\"async\" src=\"galeria\/krasickiego\/ogrod\/4_thumb.jpg\"><\/a>\n<\/div>\n<div class=\"thumbnail\">\n<a href=\"galeria\/krasickiego\/ogrod\/5.jpg\" rel=\"lightbox[krasickiego_ogrod]\" title=\"Ziele\u0144 przy budynku Krasickiego 14.\"><img decoding=\"async\" src=\"galeria\/krasickiego\/ogrod\/5_thumb.jpg\"><\/a>\n<\/div>\n<div class=\"thumbnail\">\n<a href=\"galeria\/krasickiego\/ogrod\/8.jpg\" rel=\"lightbox[krasickiego_ogrod]\" title=\"Ziele\u0144 przy budynku Krasickiego 14.\"><img decoding=\"async\" src=\"galeria\/krasickiego\/ogrod\/8_thumb.jpg\"><\/a>\n<\/div>\n<div class=\"thumbnail\">\n<a href=\"galeria\/krasickiego\/ogrod\/11.jpg\" rel=\"lightbox[krasickiego_ogrod]\" title=\"Ziele\u0144 przy budynku Krasickiego 14.\"><img decoding=\"async\" src=\"galeria\/krasickiego\/ogrod\/11_thumb.jpg\"><\/a>\n<\/div>\n<\/td>\n<\/tr>\n<tr>\n<td>\nInne:<\/td>\n<\/tr>\n<tr>\n<td>\n<div class=\"thumbnail\">\n<a href=\"galeria\/krasickiego\/12.jpg\" rel=\"lightbox[moniuszki]\" title=\"Osiedle Krasickiego\"><img decoding=\"async\" src=\"galeria\/krasickiego\/12_thumb.jpg\"><\/a>\n<\/div>\n<div class=\"thumbnail\">\n<a href=\"galeria\/krasickiego\/13.jpg\" rel=\"lightbox[moniuszki]\" title=\"Osiedle Krasickiego\"><img decoding=\"async\" src=\"galeria\/krasickiego\/13_thumb.jpg\"><\/a>\n<\/div>\n<div class=\"thumbnail\">\n<a href=\"galeria\/krasickiego\/14.jpg\" rel=\"lightbox[moniuszki]\" title=\"Osiedle Krasickiego\"><img decoding=\"async\" src=\"galeria\/krasickiego\/14_thumb.jpg\"><\/a>\n<\/div>\n<div class=\"thumbnail\">\n<a href=\"galeria\/krasickiego\/5.jpg\" rel=\"lightbox[moniuszki]\" title=\"Osiedle Krasickiego\"><img decoding=\"async\" src=\"galeria\/krasickiego\/5_thumb.jpg\"><\/a>\n<\/div>\n<div class=\"thumbnail\">\n<a href=\"galeria\/krasickiego\/6.jpg\" rel=\"lightbox[moniuszki]\" title=\"Osiedle Krasickiego\"><img decoding=\"async\" src=\"galeria\/krasickiego\/6_thumb.jpg\"><\/a>\n<\/div>\n<div class=\"thumbnail\">\n<a href=\"galeria\/krasickiego\/11.jpg\" rel=\"lightbox[moniuszki]\" title=\"Osiedle Krasickiego\"><img decoding=\"async\" src=\"galeria\/krasickiego\/11_thumb.jpg\"><\/a>\n<\/div>\n<div class=\"thumbnail\">\n<a href=\"galeria\/krasickiego\/1.jpg\" rel=\"lightbox[moniuszki]\" title=\"Osiedle Krasickiego\"><img decoding=\"async\" src=\"galeria\/krasickiego\/1_thumb.jpg\"><\/a>\n<\/div>\n<div class=\"thumbnail\">\n<a href=\"galeria\/krasickiego\/2.jpg\" rel=\"lightbox[moniuszki]\" title=\"Osiedle Krasickiego\"><img decoding=\"async\" src=\"galeria\/krasickiego\/2_thumb.jpg\"><\/a>\n<\/div>\n<div class=\"thumbnail\">\n<a href=\"galeria\/krasickiego\/3.jpg\" rel=\"lightbox[moniuszki]\" title=\"Osiedle Krasickiego\"><img decoding=\"async\" src=\"galeria\/krasickiego\/3_thumb.jpg\"><\/a>\n<\/div>\n<div class=\"thumbnail\">\n<a href=\"galeria\/krasickiego\/4.jpg\" rel=\"lightbox[moniuszki]\" title=\"Osiedle Krasickiego\"><img decoding=\"async\" src=\"galeria\/krasickiego\/4_thumb.jpg\"><\/a>\n<\/div>\n<\/td>\n<\/tr>\n<\/table>\n","protected":false},"excerpt":{"rendered":"<p>Obs\u0142uga JavaScript w Twojej przegl\u0105darce jest wy\u0142\u0105czona.Aby w pe\u0142ni korzysta\u0107 z galerii zalecane jest jej w\u0142\u0105czenie. Ziele\u0144 przy budynku Krasickiego 14: Inne:<\/p>\n","protected":false},"author":1,"featured_media":0,"parent":0,"menu_order":0,"comment_status":"closed","ping_status":"open","template":"","meta":{"footnotes":""},"class_list":["post-679","page","type-page","status-publish","hentry"],"_links":{"self":[{"href":"https:\/\/morskasm.pl\/index.php?rest_route=\/wp\/v2\/pages\/679","targetHints":{"allow":["GET"]}}],"collection":[{"href":"https:\/\/morskasm.pl\/index.php?rest_route=\/wp\/v2\/pages"}],"about":[{"href":"https:\/\/morskasm.pl\/index.php?rest_route=\/wp\/v2\/types\/page"}],"author":[{"embeddable":true,"href":"https:\/\/morskasm.pl\/index.php?rest_route=\/wp\/v2\/users\/1"}],"replies":[{"embeddable":true,"href":"https:\/\/morskasm.pl\/index.php?rest_route=%2Fwp%2Fv2%2Fcomments&post=679"}],"version-history":[{"count":20,"href":"https:\/\/morskasm.pl\/index.php?rest_route=\/wp\/v2\/pages\/679\/revisions"}],"predecessor-version":[{"id":4003,"href":"https:\/\/morskasm.pl\/index.php?rest_route=\/wp\/v2\/pages\/679\/revisions\/4003"}],"wp:attachment":[{"href":"https:\/\/morskasm.pl\/index.php?rest_route=%2Fwp%2Fv2%2Fmedia&parent=679"}],"curies":[{"name":"wp","href":"https:\/\/api.w.org\/{rel}","templated":true}]}}