{"id":3884,"date":"2021-06-26T06:20:00","date_gmt":"2021-06-26T05:20:00","guid":{"rendered":"https:\/\/morskasm.pl\/?page_id=3884"},"modified":"2025-05-21T11:32:30","modified_gmt":"2025-05-21T10:32:30","slug":"strona-glowna","status":"publish","type":"page","link":"https:\/\/morskasm.pl\/","title":{"rendered":"Strona g\u0142\u00f3wna"},"content":{"rendered":"\r\n<div class=\"wp-block-cover alignfull has-white-background-color has-background-dim hestia-clear-top-padding\" style=\"min-height:400px;aspect-ratio:unset;\"><div class=\"wp-block-cover__inner-container is-layout-flow wp-block-cover-is-layout-flow\">\r\n<div class=\"wp-block-columns container is-layout-flex wp-container-core-columns-is-layout-28f84493 wp-block-columns-is-layout-flex\">\r\n<div class=\"wp-block-column is-layout-flow wp-block-column-is-layout-flow\">\r\n<!--\r\n<center>\r\n<b>\r\n<b style=\"color: black;\"><br\/>Aktualne przetargi:<\/b>\r\n<ul>\r\n<li><a href=\"przetargi\/przetarg070.pdf\">Przetarg na:\r\n1. monta\u017c zap\u00f3r rogatkowych wraz ze sterowaniem - 4szt.,\r\n2.remont klatek schodowych w 5 kondygnacyjnych budynkach - 11 klatek,\r\n3.docieplenie wielorodzinnego budynku mieszkalnego typu MB-Y (11 kondygnacji 1 klatka) z remontem balkon\u00f3w i wymian\u0105 balustrad - 2 budynki,\r\n4.przebudowa budynku hydroforni,\r\n5.wymiana poziom\u00f3w z-w i c.w.u w piwnicy i IX pi\u0119trze w budynku MBY (11 kondygnacji 1 klatka) - 2 budynki,\r\n6.wymiana WLZ w budynku WUFT (12 kondygnacji - 4 klatki),\r\n7.wymiana pion\u00f3w z-w i c.w.u oraz pion\u00f3w kanalizacji sanitarnej w budynku MBY (11 kondygnacji 1 klatka),\r\n8.wymiana poziom\u00f3w z-w i c.w.u w piwnicy w budynku WUFT (5 klatek sch.).<\/a><\/li>\r\n<\/ul>\r\n<\/b>\r\n<\/center>\r\n-->\r\n<!--\r\n<a href=\"\/?p=4308\"><center><strong>Morska Sp\u00f3\u0142dzielnia Mieszkaniowa w Gdyni, ul. Wincentego Pola 14 zaprasza do sk\u0142adania ofert na badanie sprawozdania finansowego za lata 2023,2024. Oferty nale\u017cy sk\u0142ada\u0107 w terminie do 16.10.2023 r. w sekretariacie sp\u00f3\u0142dzielni lub przesy\u0142a\u0107 na adres e-mail: sekretariat@morskasm.pl Kontakt telefoniczny: 58 622 44 99<\/strong><\/center><\/a>-->\r\n<\/div>\r\n<\/div>\r\n\r\n\r\n\r\n<div class=\"wp-block-columns container is-layout-flex wp-container-core-columns-is-layout-28f84493 wp-block-columns-is-layout-flex\">\r\n<div class=\"wp-block-column is-layout-flow wp-block-column-is-layout-flow\">\r\n<a href=\"https:\/\/ebok.morskasm.pl\"><div style=\"width: 100%; height: 100%; position: absolute;\"><\/div><\/a>\r\n\r\n\r\n\r\n<div class=\"wp-block-image\"><figure class=\"aligncenter size-large\"><img decoding=\"async\" src=\"https:\/\/morskasm.pl\/wp-content\/themes\/hestia\/assets\/img\/feat1.png\" alt=\"\" class=\"wp-image-70\"\/><\/figure><\/div>\r\n\r\n\r\n\r\n<h5 class=\"has-text-align-center has-text-color wp-block-heading\" style=\"color:#3c4858;font-size:18px\">eBOK<\/h5>\r\n\r\n\r\n\r\n<p class=\"has-text-align-center has-text-color\" style=\"color:#999999;font-size:14px\">Elektroniczne Biuro Obs\u0142ugi Klienta dla Mieszka\u0144c\u00f3w Morskiej Sp\u00f3\u0142dzielni Mieszkaniowej w Gdyni.<\/p>\r\n<\/div>\r\n\r\n\r\n\r\n<div class=\"wp-block-column is-layout-flow wp-block-column-is-layout-flow\">\r\n<a href=\"?page_id=111\"><div style=\"width: 100%; height: 100%; position: absolute;\"><\/div><\/a>\r\n\r\n\r\n\r\n<div class=\"wp-block-image\"><figure class=\"aligncenter size-large\"><img decoding=\"async\" src=\"https:\/\/morskasm.pl\/wp-content\/themes\/hestia\/assets\/img\/feat2.png\" alt=\"\" class=\"wp-image-71\"\/><\/figure><\/div>\r\n\r\n\r\n\r\n<h5 class=\"has-text-align-center has-text-color wp-block-heading\" style=\"color:#3c4858;font-size:18px\">Druki do pobrania<\/h5>\r\n\r\n\r\n\r\n<p class=\"has-text-align-center has-text-color\" style=\"color:#999999;font-size:14px\">Pobierz dokumenty takie jak wzory pism oraz karty odczytu wodomierzy.<\/p>\r\n<\/div>\r\n\r\n\r\n\r\n<div class=\"wp-block-column is-layout-flow wp-block-column-is-layout-flow\">\r\n<a href=\"?page_id=24\"><div style=\"width: 100%; height: 100%; position: absolute;\"><\/div><\/a>\r\n\r\n\r\n\r\n<div class=\"wp-block-image\"><figure class=\"aligncenter size-large\"><img decoding=\"async\" src=\"https:\/\/morskasm.pl\/wp-content\/themes\/hestia\/assets\/img\/feat3.png\" alt=\"\" class=\"wp-image-72\"\/><\/figure><\/div>\r\n\r\n\r\n\r\n<h5 class=\"has-text-align-center has-text-color wp-block-heading\" style=\"color:#3c4858;font-size:18px\">Kontakt<\/h5>\r\n\r\n\r\n\r\n<p class=\"has-text-align-center has-text-color\" style=\"color:#999999;font-size:14px\">Adres i numery telefon\u00f3w do Morskiej Sp\u00f3\u0142dzielni Mieszkaniowej w Gdyni.<\/p>\r\n<\/div>\r\n<\/div>\r\n\r\n\r\n\r\n<p><\/p>\r\n<\/div><\/div>\r\n\r\n\r\n\r\n<div style=\"height:100px\" aria-hidden=\"true\" class=\"wp-block-spacer\"><\/div>\r\n\r\n\r\n\r\n<p><\/p>\r\n","protected":false},"excerpt":{"rendered":"","protected":false},"author":1,"featured_media":4223,"parent":0,"menu_order":0,"comment_status":"closed","ping_status":"closed","template":"","meta":{"footnotes":""},"class_list":["post-3884","page","type-page","status-publish","has-post-thumbnail","hentry"],"_links":{"self":[{"href":"https:\/\/morskasm.pl\/index.php?rest_route=\/wp\/v2\/pages\/3884","targetHints":{"allow":["GET"]}}],"collection":[{"href":"https:\/\/morskasm.pl\/index.php?rest_route=\/wp\/v2\/pages"}],"about":[{"href":"https:\/\/morskasm.pl\/index.php?rest_route=\/wp\/v2\/types\/page"}],"author":[{"embeddable":true,"href":"https:\/\/morskasm.pl\/index.php?rest_route=\/wp\/v2\/users\/1"}],"replies":[{"embeddable":true,"href":"https:\/\/morskasm.pl\/index.php?rest_route=%2Fwp%2Fv2%2Fcomments&post=3884"}],"version-history":[{"count":23,"href":"https:\/\/morskasm.pl\/index.php?rest_route=\/wp\/v2\/pages\/3884\/revisions"}],"predecessor-version":[{"id":4409,"href":"https:\/\/morskasm.pl\/index.php?rest_route=\/wp\/v2\/pages\/3884\/revisions\/4409"}],"wp:featuredmedia":[{"embeddable":true,"href":"https:\/\/morskasm.pl\/index.php?rest_route=\/wp\/v2\/media\/4223"}],"wp:attachment":[{"href":"https:\/\/morskasm.pl\/index.php?rest_route=%2Fwp%2Fv2%2Fmedia&parent=3884"}],"curies":[{"name":"wp","href":"https:\/\/api.w.org\/{rel}","templated":true}]}}