{"id":38,"date":"2011-05-28T00:05:08","date_gmt":"2011-05-28T00:05:08","guid":{"rendered":"http:\/\/morskasm.cba.pl\/?page_id=38"},"modified":"2021-06-26T08:58:59","modified_gmt":"2021-06-26T07:58:59","slug":"historia-spoldzielni","status":"publish","type":"page","link":"https:\/\/morskasm.pl\/?page_id=38","title":{"rendered":"Dzia\u0142alno\u015b\u0107 Sp\u00f3\u0142dzielni"},"content":{"rendered":"<style type='text\/css'>\n.boxShadow\n{\n  background-color: white;\n  border: 1px solid #ccf;\n  -moz-box-shadow: 0 0 13px 5px #ddd;\n  -webkit-box-shadow: 0 0 13px 5px #ddd;\n  box-shadow: 0 0 13px 5px #d8d8d8;\n  font-size: 16px;\n  text-decoration: underline;\n  cursor: pointer;\n}\n.box\n{\n  background-color: white;\n  border: 1px solid #bbf;\n  font-size: 16px;\n  cursor: pointer;\n}\n<\/style>\n<div style=\"width: 450px; height: 50px; background-image: url('images\/img1.png'); background-repeat: no-repeat;\" class='box' onMouseOver=\"this.className='boxShadow';\" onMouseOut=\"this.className='box';\" onClick=\"document.location='?page_id=737';\"><span style='position: relative; left: 250px; top: 12px;'>Walne Zgromadzenie<\/span><\/div>\n<div style='height: 10px;'><\/div>\n<div style=\"width: 450px; height: 50px; background-image: url('images\/img2.png'); background-repeat: no-repeat;\" class='box' onMouseOver=\"this.className='boxShadow';\" onMouseOut=\"this.className='box';\" onClick=\"document.location='?page_id=739';\"><span style='position: relative; left: 250px; top: 12px;'>Rada Nadzorcza<\/span><\/div>\n<div style='height: 10px;'><\/div>\n<div style=\"width: 450px; height: 50px; background-image: url('images\/img3.png'); background-repeat: no-repeat;\" class='box' onMouseOver=\"this.className='boxShadow';\" onMouseOut=\"this.className='box';\" onClick=\"document.location='?page_id=733';\"><span style='position: relative; left: 250px; top: 12px;'>Zarz\u0105d<\/span><\/div>\n","protected":false},"excerpt":{"rendered":"<p>Walne Zgromadzenie Rada Nadzorcza Zarz\u0105d<\/p>\n","protected":false},"author":1,"featured_media":0,"parent":0,"menu_order":0,"comment_status":"closed","ping_status":"open","template":"","meta":{"footnotes":""},"class_list":["post-38","page","type-page","status-publish","hentry"],"_links":{"self":[{"href":"https:\/\/morskasm.pl\/index.php?rest_route=\/wp\/v2\/pages\/38","targetHints":{"allow":["GET"]}}],"collection":[{"href":"https:\/\/morskasm.pl\/index.php?rest_route=\/wp\/v2\/pages"}],"about":[{"href":"https:\/\/morskasm.pl\/index.php?rest_route=\/wp\/v2\/types\/page"}],"author":[{"embeddable":true,"href":"https:\/\/morskasm.pl\/index.php?rest_route=\/wp\/v2\/users\/1"}],"replies":[{"embeddable":true,"href":"https:\/\/morskasm.pl\/index.php?rest_route=%2Fwp%2Fv2%2Fcomments&post=38"}],"version-history":[{"count":28,"href":"https:\/\/morskasm.pl\/index.php?rest_route=\/wp\/v2\/pages\/38\/revisions"}],"predecessor-version":[{"id":4031,"href":"https:\/\/morskasm.pl\/index.php?rest_route=\/wp\/v2\/pages\/38\/revisions\/4031"}],"wp:attachment":[{"href":"https:\/\/morskasm.pl\/index.php?rest_route=%2Fwp%2Fv2%2Fmedia&parent=38"}],"curies":[{"name":"wp","href":"https:\/\/api.w.org\/{rel}","templated":true}]}}