{"id":102,"date":"2011-05-28T18:51:58","date_gmt":"2011-05-28T18:51:58","guid":{"rendered":"http:\/\/morskasm.cba.pl\/?page_id=102"},"modified":"2026-03-29T21:14:05","modified_gmt":"2026-03-29T20:14:05","slug":"regulaminy","status":"publish","type":"page","link":"https:\/\/morskasm.pl\/?page_id=102","title":{"rendered":"Regulaminy MSM"},"content":{"rendered":"<div style=\"margin-top: 25px;\">&nbsp;<\/div>\n<p><b style=\"color: green;\" data-darkreader-inline-color=\"\">Rada Nadzorcza:<\/b><\/p>\n<hr style=\"margin-top: -12px;\">\n<ul>\n<li><a href=\"akty_prawne\/regulaminy\/regulamin_komisji_czasowych_3.pdf\">Regulamin Komisji czasowych Rady Nadzorczej Morskiej Sp\u00f3\u0142dzielni Mieszkaniowej w Gdyni<\/a><\/li>\n<li><a href=\"akty_prawne\/regulaminy\/regulamin_komisji_rewizyjnej_3.pdf\">Regulamin Komisji Rewizyjnej Rady Nadzorczej Morskiej Sp\u00f3\u0142dzielni Mieszkaniowej w Gdyni<\/a><\/li>\n<li><a href=\"akty_prawne\/regulaminy\/regulamin_komisji_technicznej_3.pdf\">Regulamin Komisji Technicznej Morskiej Sp\u00f3\u0142dzielni Mieszkaniowej w Gdyni<\/a><\/li>\n<li><a href=\"akty_prawne\/regulaminy\/regulamin_rady_nadzorczej_2025.pdf\">Regulamin Rady Nadzorczej Morskiej Sp\u00f3\u0142dzielni Mieszkaniowej w Gdyni<\/a><\/li>\n<li><a href=\"akty_prawne\/regulaminy\/regulamin_rady_nieruchomosci_7.pdf\">Regulamin Rady Nieruchomo\u015bci Morskiej Sp\u00f3\u0142dzielni Mieszkaniowej w Gdyni<\/a><\/li>\n<\/ul>\n<div style=\"margin-top: 25px;\">&nbsp;<\/div>\n<p><b style=\"color: #000000;\" data-darkreader-inline-color=\"\">Zarz\u0105d:<\/b><\/p>\n<hr style=\"margin-top: -12px;\">\n<ul>\n<li><a href=\"akty_prawne\/regulaminy\/regulamin_zarzadu_4.pdf\">Regulamin Zarz\u0105du Morskiej Sp\u00f3\u0142dzielni Mieszkaniowej w Gdyni<\/a><\/li>\n<\/ul>\n<div style=\"margin-top: 25px;\">&nbsp;<\/div>\n<p><b style=\"color: #1c00c3;\" data-darkreader-inline-color=\"\">Dzia\u0142 Techniczny:<\/b><\/p>\n<hr style=\"margin-top: -12px;\">\n<ul>\n<li><a href=\"akty_prawne\/regulaminy\/regulamin_postepowan_przetargowych_9.pdf\">Regulamin post\u0119powa\u0144 przetargowych i zawierania um\u00f3w na roboty remontowo-budowlane, us\u0142ugi i dostawy wykonywane odp\u0142atnie na rzecz Morskiej Sp\u00f3\u0142dzielni Mieszkaniowej w Gdyni<\/a><\/li>\n<li><a href=\"akty_prawne\/regulaminy\/regulamin_funduszu_remontowego_6.pdf\">Regulamin funduszu remontowego zasob\u00f3w mieszkaniowych Morskiej Sp\u00f3\u0142dzielni Mieszkaniowej w Gdyni<\/a><\/li>\n<li><a href=\"akty_prawne\/regulaminy\/regulamin_rozliczen_dzwigow_3.pdf\">Regulamin rozlicze\u0144 koszt\u00f3w eksploatacji d\u017awig\u00f3w w zasobach Morskiej Sp\u00f3\u0142dzielni Mieszkaniowej w Gdyni<\/a><\/li>\n<li><a href=\"akty_prawne\/regulaminy\/regulamin_wymiany_stol_4.pdf\">Regulamin wymiany stolarki okiennej w lokalach mieszkalnych w zasobach mieszkaniowych Morskiej Sp\u00f3\u0142dzielni Mieszkaniowej w Gdyni oraz zasady jej finansowania<\/a><\/li>\n<\/ul>\n<div style=\"margin-top: 25px;\">&nbsp;<\/div>\n<p><b style=\"color: #bd0900;\" data-darkreader-inline-color=\"\">GZM:<\/b><\/p>\n<hr style=\"margin-top: -12px;\">\n<ul>\n<li><a href=\"akty_prawne\/regulaminy\/zasady_rozliczania_kosztow_GZM_4.pdf\">Zasady rozliczania koszt\u00f3w Gospodarki Zasobami Mieszkaniowymi oraz ustalenie op\u0142at za u\u017cytkowanie zasob\u00f3w Morskiej Sp\u00f3\u0142dzielni Mieszkaniowej w Gdyni<\/a><\/li>\n<li><a href=\"akty_prawne\/regulaminy\/regulamin_rozliczen_kosztow_odpadow.pdf\">Regulaminu rozlicze\u0144 koszt\u00f3w gospodarowania odpadami komunalnymi w Morskiej Sp\u00f3\u0142dzielni Mieszkaniowej w Gdyni<\/a><\/li>\n<li><a href=\"akty_prawne\/regulaminy\/regulamin_porzadku_domowego_10.pdf\">Regulamin porz\u0105dku domowego<\/a><\/li>\n<li><a href=\"akty_prawne\/regulaminy\/instrukcja_korzystania_z_placu_zabaw.pdf\">Instrukcja korzystania z placu zabaw<\/a><\/li>\n<li><a href=\"akty_prawne\/regulaminy\/regulamin_parkowania_i_korzystania_z_terenow_7.pdf\">Regulamin okre\u015blaj\u0105cy zasady parkowania pojazd\u00f3w i korzystania z teren\u00f3w b\u0119d\u0105cych w zasobach Morskiej Sp\u00f3\u0142dzielni Mieszkaniowej w Gdyni<\/a><\/li>\n<\/ul>\n<div style=\"margin-top: 25px;\">&nbsp;<\/div>\n<p><b style=\"color: #7b00ba;\" data-darkreader-inline-color=\"\">STR:<\/b><\/p>\n<hr style=\"margin-top: -12px;\">\n<ul>\n<li><a href=\"akty_prawne\/regulaminy\/regulamin_rozliczen_e_el_dla_czesci_wspolnych_2.pdf\">Regulamin rozlicze\u0144 koszt\u00f3w energii elektrycznej na potrzeby cz\u0119\u015bci wsp\u00f3lnych budynk\u00f3w oraz o\u015bwietlenia zewn\u0119trznego w zasobach Morskiej Sp\u00f3\u0142dzielni Mieszkaniowej w Gdyni<\/a><\/li>\n<li><a href=\"akty_prawne\/regulaminy\/regulamin_rozliczen_e_el_dla_garazy_5.pdf\">Regulamin rozlicze\u0144 koszt\u00f3w energii elektrycznej dla gara\u017cy oraz innych pomieszcze\u0144 w zasobach Morskiej Sp\u00f3\u0142dzielni Mieszkaniowej w Gdyni<\/a><\/li>\n<li><a href=\"akty_prawne\/regulaminy\/regulamin_rozliczen_gazu_3.pdf\">Regulamin rozliczania koszt\u00f3w dostawy gazu do budynk\u00f3w w zasobach Morskiej Sp\u00f3\u0142dzielni Mieszkaniowej w Gdyni wyposa\u017conych w zbiorcze wodomierze<\/a><\/li>\n<li><a href=\"akty_prawne\/regulaminy\/regulamin_wody_dla_czlonkow_posiadajacych_7.pdf\">Regulamin rozliczania koszt\u00f3w dostawy wody oraz odprowadzania \u015bciek\u00f3w w zasobach Morskiej Sp\u00f3\u0142dzielni Mieszkaniowej w Gdyni<\/a><\/li>\n<li><a href=\"akty_prawne\/regulaminy\/regulamin_rozliczania_en_cieplnej_7.pdf\">Regulamin rozliczania koszt\u00f3w energii cieplnej dostarczanej do budynk\u00f3w w zasobach Morskiej Sp\u00f3\u0142dzielni Mieszkaniowej w Gdyni na cele centralnego ogrzewania oraz przygotowania ciep\u0142ej wody u\u017cytkowej<\/a><\/li>\n<\/ul>\n<div style=\"margin-top: 25px;\">&nbsp;<\/div>\n<p><b style=\"color: #00ae77;\" data-darkreader-inline-color=\"\">Ksi\u0119gowo\u015b\u0107:<\/b><\/p>\n<hr style=\"margin-top: -12px;\">\n<ul>\n<li><a href=\"akty_prawne\/regulaminy\/regulamin_funduszu_udzialowego_3.pdf\">Regulamin tworzenia i wykorzystania funduszu udzia\u0142owego Morskiej Sp\u00f3\u0142dzielni Mieszkaniowej w Gdyni<\/a><\/li>\n<li><a href=\"akty_prawne\/regulaminy\/regulamin_funduszu_wkladow_bud_3.pdf\">Regulamin tworzenia i wykorzystania funduszu wk\u0142ad\u00f3w budowlanych Morskiej Sp\u00f3\u0142dzielni Mieszkaniowej w Gdyni<\/a><\/li>\n<li><a href=\"akty_prawne\/regulaminy\/regulamin_funduszu_zasobowego_3.pdf\">Regulamin tworzenia i wykorzystania funduszu zasobowego Morskiej Sp\u00f3\u0142dzielni Mieszkaniowej w Gdyni<\/a><\/li>\n<li><a href=\"akty_prawne\/regulaminy\/regulamin_podatek_nieruch_7.pdf\">Regulamin rozliczenia koszt\u00f3w podatku od nieruchomo\u015bci w Morskiej Sp\u00f3\u0142dzielni Mieszkaniowej w Gdyni<\/a><\/li>\n<li><a href=\"akty_prawne\/regulaminy\/regulamin_rozliczania_kosztow_domofonu_3.pdf\">Regulamin rozliczania koszt\u00f3w domofonu w zasobach Morskiej Sp\u00f3\u0142dzielni Mieszkaniowej w Gdyni<\/a><\/li>\n<\/ul>\n<div style=\"margin-top: 25px;\">&nbsp;<\/div>\n<p><b style=\"color: #93008a;\" data-darkreader-inline-color=\"\">Dzia\u0142 Cz\u0142onkowski:<\/b><\/p>\n<hr style=\"margin-top: -12px;\">\n<ul>\n<li><a href=\"akty_prawne\/regulaminy\/regulamin_oplat_uzytk_wiecz_5.pdf\">Regulamin rozliczenia koszt\u00f3w z tytu\u0142u op\u0142aty za wieczyste u\u017cytkowanie gruntu w Morskiej Sp\u00f3\u0142dzielni Mieszkaniowej w Gdyni<\/a><\/li>\n<li><a href=\"akty_prawne\/regulaminy\/regulamin_przetargow_na_lokale_uzytkowe_6.pdf\">Regulamin wynajmu lokali u\u017cytkowych i gara\u017cy w zasobach Morskiej Sp\u00f3\u0142dzielni Mieszkaniowej w Gdyni<\/a><\/li>\n<li><a href=\"akty_prawne\/regulaminy\/regulamin_przetargu_4.pdf\">Regulamin okre\u015blaj\u0105cy zasady przeprowadzania przetargu na ustanowienie i przeniesienie prawa odr\u0119bnej w\u0142asno\u015bci lokalu mieszkalnego, u\u017cytkowego, gara\u017cu, miejsca postojowego w gara\u017cu wielostanowiskowym w Morskiej Sp\u00f3\u0142dzielni Mieszkaniowej w Gdyni<\/a><\/li>\n<li><a href=\"akty_prawne\/regulaminy\/regulamin_umieszczania_reklam_4.pdf\">Regulamin okre\u015blaj\u0105cy zasady umieszczania reklam na terenach i obiektach stanowi\u0105cych w\u0142asno\u015b\u0107 Morskiej Sp\u00f3\u0142dzielni Mieszkaniowej w Gdyni<\/a><\/li>\n<li><a href=\"akty_prawne\/regulaminy\/regulamin_wynajmu_pomieszczen_wspolnych_6.pdf\">Regulamin wynajmu cz\u0119\u015bci nieruchomo\u015bci wsp\u00f3lnych znajduj\u0105cych si\u0119 w zasobach Morskiej Sp\u00f3\u0142dzielni Mieszkaniowej w Gdyni<\/a><\/li>\n<li><a href=\"akty_prawne\/regulaminy\/regulamin_ebok.pdf\">Regulamin korzystania z us\u0142ugi \u201eElektroniczne Biuro Obs\u0142ugi Klienta \u2013 e-BOK\u201d w Morskiej Sp\u00f3\u0142dzielni Mieszkaniowej w Gdyni<\/a><\/li>\n<\/ul>\n","protected":false},"excerpt":{"rendered":"<p>&nbsp; Rada Nadzorcza: Regulamin Komisji czasowych Rady Nadzorczej Morskiej Sp\u00f3\u0142dzielni Mieszkaniowej w Gdyni Regulamin Komisji Rewizyjnej Rady Nadzorczej Morskiej Sp\u00f3\u0142dzielni Mieszkaniowej w Gdyni Regulamin Komisji Technicznej Morskiej Sp\u00f3\u0142dzielni Mieszkaniowej w Gdyni Regulamin Rady Nadzorczej Morskiej Sp\u00f3\u0142dzielni Mieszkaniowej w Gdyni Regulamin Rady Nieruchomo\u015bci Morskiej Sp\u00f3\u0142dzielni Mieszkaniowej w Gdyni &nbsp; Zarz\u0105d: Regulamin [&hellip;]<\/p>\n","protected":false},"author":1,"featured_media":0,"parent":0,"menu_order":0,"comment_status":"closed","ping_status":"open","template":"","meta":{"footnotes":""},"class_list":["post-102","page","type-page","status-publish","hentry"],"_links":{"self":[{"href":"https:\/\/morskasm.pl\/index.php?rest_route=\/wp\/v2\/pages\/102","targetHints":{"allow":["GET"]}}],"collection":[{"href":"https:\/\/morskasm.pl\/index.php?rest_route=\/wp\/v2\/pages"}],"about":[{"href":"https:\/\/morskasm.pl\/index.php?rest_route=\/wp\/v2\/types\/page"}],"author":[{"embeddable":true,"href":"https:\/\/morskasm.pl\/index.php?rest_route=\/wp\/v2\/users\/1"}],"replies":[{"embeddable":true,"href":"https:\/\/morskasm.pl\/index.php?rest_route=%2Fwp%2Fv2%2Fcomments&post=102"}],"version-history":[{"count":203,"href":"https:\/\/morskasm.pl\/index.php?rest_route=\/wp\/v2\/pages\/102\/revisions"}],"predecessor-version":[{"id":4492,"href":"https:\/\/morskasm.pl\/index.php?rest_route=\/wp\/v2\/pages\/102\/revisions\/4492"}],"wp:attachment":[{"href":"https:\/\/morskasm.pl\/index.php?rest_route=%2Fwp%2Fv2%2Fmedia&parent=102"}],"curies":[{"name":"wp","href":"https:\/\/api.w.org\/{rel}","templated":true}]}}