{"id":40,"date":"2011-05-28T00:05:28","date_gmt":"2011-05-28T00:05:28","guid":{"rendered":"http:\/\/morskasm.cba.pl\/?page_id=40"},"modified":"2026-05-01T03:50:39","modified_gmt":"2026-05-01T02:50:39","slug":"przetargi","status":"publish","type":"page","link":"http:\/\/morskasm.pl\/?page_id=40","title":{"rendered":"Przetargi"},"content":{"rendered":"<style type=\"text\/css\">\n.link1 A:link {color: red;}<br \/>\n.link1 A:visited {color: red;}<br \/>\n.link1 A:active {color: red;}<br \/>\n.link1 A:hover {color: red;}<br \/>\n<\/style>\n<ul>\n<li><a href=\"przetargi\/przetarg083.pdf\">Przetarg na:<br \/>\n&#8211; zamiana pionu hydrantowego suchego na pion hydrantowy mokry wraz z pod\u0142\u0105czeniem do zasilania wody piwnicy budynku 2 klatkowym typ WUFT;<br \/>\n&#8211; wymiana poziom\u00f3w z-w i c.w.u w piwnicy i IX pi\u0119trze w budynku typu MBY-Z;<br \/>\n&#8211; wymiana pion\u00f3w z-w i c.w.u oraz pion\u00f3w kanalizacji sanitarnej z podej\u015bciami do przybor\u00f3w budynku Paderewskiego 29;<br \/>\n&#8211; remont balkon\u00f3w w budynkach b\u0119d\u0105cych w zasobach Sp\u00f3\u0142dzielni;<br \/>\n&#8211; wymiana drzwi do korytarzy wewn\u0119trznych w budynku mieszkalnym Wyspia\u0144skiego 23;<br \/>\n&#8211; wymiana drzwi wej\u015bciowych do klatek schodowych na budynkach wielorodzinnych: Dantyszka 2,4;8 i Ramu\u0142ta 33.<\/a><\/li>\n<\/ul>\n<p><a href=\"przetargi\/zalaczniki\/83\/zalaczniki.zip\"><b>Pobierz za\u0142\u0105czniki<\/b><\/a><\/p>\n<p><center><span style=\"color: grey;\" data-darkreader-inline-color=\"\">Ostatnia aktualizacja: 1 maja 2026<\/span><\/center>&nbsp;<\/p>\n<p>&nbsp;<\/p>\n","protected":false},"excerpt":{"rendered":"<p>Przetarg na: &#8211; zamiana pionu hydrantowego suchego na pion hydrantowy mokry wraz z pod\u0142\u0105czeniem do zasilania wody piwnicy budynku 2 klatkowym typ WUFT; &#8211; wymiana poziom\u00f3w z-w i c.w.u w piwnicy i IX pi\u0119trze w budynku typu MBY-Z; &#8211; wymiana pion\u00f3w z-w i c.w.u oraz pion\u00f3w kanalizacji sanitarnej z podej\u015bciami [&hellip;]<\/p>\n","protected":false},"author":1,"featured_media":0,"parent":0,"menu_order":0,"comment_status":"closed","ping_status":"open","template":"","meta":{"footnotes":""},"class_list":["post-40","page","type-page","status-publish","hentry"],"_links":{"self":[{"href":"http:\/\/morskasm.pl\/index.php?rest_route=\/wp\/v2\/pages\/40","targetHints":{"allow":["GET"]}}],"collection":[{"href":"http:\/\/morskasm.pl\/index.php?rest_route=\/wp\/v2\/pages"}],"about":[{"href":"http:\/\/morskasm.pl\/index.php?rest_route=\/wp\/v2\/types\/page"}],"author":[{"embeddable":true,"href":"http:\/\/morskasm.pl\/index.php?rest_route=\/wp\/v2\/users\/1"}],"replies":[{"embeddable":true,"href":"http:\/\/morskasm.pl\/index.php?rest_route=%2Fwp%2Fv2%2Fcomments&post=40"}],"version-history":[{"count":333,"href":"http:\/\/morskasm.pl\/index.php?rest_route=\/wp\/v2\/pages\/40\/revisions"}],"predecessor-version":[{"id":4499,"href":"http:\/\/morskasm.pl\/index.php?rest_route=\/wp\/v2\/pages\/40\/revisions\/4499"}],"wp:attachment":[{"href":"http:\/\/morskasm.pl\/index.php?rest_route=%2Fwp%2Fv2%2Fmedia&parent=40"}],"curies":[{"name":"wp","href":"https:\/\/api.w.org\/{rel}","templated":true}]}}