{"id":22,"date":"2011-05-27T21:03:53","date_gmt":"2011-05-27T21:03:53","guid":{"rendered":"http:\/\/morskasm.cba.pl\/?page_id=22"},"modified":"2023-11-12T10:50:25","modified_gmt":"2023-11-12T09:50:25","slug":"godziny-przyjec","status":"publish","type":"page","link":"http:\/\/morskasm.pl\/?page_id=22","title":{"rendered":"Godziny pracy"},"content":{"rendered":"<p>\n<b>Godziny pracy Sp\u00f3\u0142dzielni:<\/b><\/p>\n<hr style=\"margin-top: -12px;\">\n<ul>\n<li>poniedzia\u0142ek: 8:00 &#8211; 18:00<\/li>\n<li>wtorek-czwartek: 7:00 &#8211; 15:00<\/li>\n<li>pi\u0105tek: 7:00 &#8211; 13:00<\/li>\n<\/ul>\n<div style=\"margin-top: 25px;\"><\/div>\n<p><b>Godziny przyj\u0119\u0107:<\/b><\/p>\n<hr style=\"margin-top: -12px;\">\n<ul>\n<li style=\"list-style-image: url(images\/punkt.png);\">Dzia\u0142 Administracji GZM:\n<ul>\n<li>poniedzia\u0142ek: 13.00 &#8211; 18.00<\/li>\n<li>wtorek, czwartek: 11.00 &#8211; 15.00<\/li>\n<li>pi\u0105tek: 11.00 &#8211; 13.00<\/li>\n<\/ul>\n<\/li>\n<li style=\"list-style-image: url(images\/punkt.png);\">Dzia\u0142 Rozlicze\u0144:\n<ul>\n<li>poniedzia\u0142ek: 10.00 &#8211; 17.30<\/li>\n<li>czwartek: 10.00 &#8211; 15.00<\/li>\n<\/ul>\n<\/li>\n<li style=\"list-style-image: url(images\/punkt.png);\">Dzia\u0142 Techniczny:\n<ul>\n<li>poniedzia\u0142ek: 10.00 &#8211; 17.30<\/li>\n<li>\u015broda: 10.00 &#8211; 14.00<\/li>\n<li>czwartek: 10.00 &#8211; 15.00<\/li>\n<\/ul>\n<\/li>\n<li style=\"list-style-image: url(images\/punkt.png);\">Dzia\u0142 Finansowo-Ksi\u0119gowy:\n<ul>\n<li>poniedzia\u0142ek: 10.00 &#8211; 17.30<\/li>\n<li>czwartek: 10.00 &#8211; 15.00<\/li>\n<\/ul>\n<\/li>\n<li style=\"list-style-image: url(images\/punkt.png);\">Dzia\u0142 Cz\u0142onkowsko-Mieszkaniowy:\n<ul>\n<li>poniedzia\u0142ek: 10.00 &#8211; 17.00<\/li>\n<li>\u015broda: 10.00 &#8211; 14.00<\/li>\n<li>czwartek: 10.00 &#8211; 14.00<\/li>\n<\/ul>\n<\/li>\n<li style=\"list-style-image: url(images\/punkt.png);\">Zarz\u0105d MSM (po wcze\u015bniejszym um\u00f3wieniu w sekretariacie, nr tel. (58) 622 10 00).\n<\/li>\n<li style=\"list-style-image: url(images\/punkt.png);\">Rada Nadzorcza w ka\u017cdy pierwszy poniedzia\u0142ek miesi\u0105ca, w godzinach 16 \u2013 17 (po wcze\u015bniejszym um\u00f3wieniu w sekretariacie, nr tel. (58) 622 10 00).\n<\/li>\n<\/ul>\n<p><center><span style=\"color: grey;\">Ostatnia aktualizacja: 26 kwietnia 2017<\/span><\/center><\/p>\n","protected":false},"excerpt":{"rendered":"<p>Godziny pracy Sp\u00f3\u0142dzielni: poniedzia\u0142ek: 8:00 &#8211; 18:00 wtorek-czwartek: 7:00 &#8211; 15:00 pi\u0105tek: 7:00 &#8211; 13:00 Godziny przyj\u0119\u0107: Dzia\u0142 Administracji GZM: poniedzia\u0142ek: 13.00 &#8211; 18.00 wtorek, czwartek: 11.00 &#8211; 15.00 pi\u0105tek: 11.00 &#8211; 13.00 Dzia\u0142 Rozlicze\u0144: poniedzia\u0142ek: 10.00 &#8211; 17.30 czwartek: 10.00 &#8211; 15.00 Dzia\u0142 Techniczny: poniedzia\u0142ek: 10.00 &#8211; 17.30 \u015broda: [&hellip;]<\/p>\n","protected":false},"author":1,"featured_media":0,"parent":0,"menu_order":0,"comment_status":"closed","ping_status":"open","template":"","meta":{"footnotes":""},"class_list":["post-22","page","type-page","status-publish","hentry"],"_links":{"self":[{"href":"http:\/\/morskasm.pl\/index.php?rest_route=\/wp\/v2\/pages\/22","targetHints":{"allow":["GET"]}}],"collection":[{"href":"http:\/\/morskasm.pl\/index.php?rest_route=\/wp\/v2\/pages"}],"about":[{"href":"http:\/\/morskasm.pl\/index.php?rest_route=\/wp\/v2\/types\/page"}],"author":[{"embeddable":true,"href":"http:\/\/morskasm.pl\/index.php?rest_route=\/wp\/v2\/users\/1"}],"replies":[{"embeddable":true,"href":"http:\/\/morskasm.pl\/index.php?rest_route=%2Fwp%2Fv2%2Fcomments&post=22"}],"version-history":[{"count":93,"href":"http:\/\/morskasm.pl\/index.php?rest_route=\/wp\/v2\/pages\/22\/revisions"}],"predecessor-version":[{"id":4323,"href":"http:\/\/morskasm.pl\/index.php?rest_route=\/wp\/v2\/pages\/22\/revisions\/4323"}],"wp:attachment":[{"href":"http:\/\/morskasm.pl\/index.php?rest_route=%2Fwp%2Fv2%2Fmedia&parent=22"}],"curies":[{"name":"wp","href":"https:\/\/api.w.org\/{rel}","templated":true}]}}